{"id":151,"date":"2020-09-03T13:05:37","date_gmt":"2020-09-03T11:05:37","guid":{"rendered":"http:\/\/www.vanhoff.be\/?page_id=151"},"modified":"2021-10-20T16:55:58","modified_gmt":"2021-10-20T14:55:58","slug":"aliments","status":"publish","type":"page","link":"https:\/\/www.vanhoff.be\/index.php\/aliments\/","title":{"rendered":"Les Aliments"},"content":{"rendered":"\r\n<p><span style=\"font-size: 1rem;\">Le Cabinet propose \u00e0 la vente les aliments de la marque <\/span><strong style=\"font-size: 1rem;\">Calibra<\/strong><span style=\"font-size: 1rem;\">. Ces produits venant directement du grossiste sont d&rsquo;un prix attractif et d&rsquo;une excellente qualit\u00e9. <\/span>Il existe une gamme compl\u00e8te en produits physiologiques, di\u00e9t\u00e9tiques et friandises, pour chiens comme pour chats.<\/p>\r\n<p><span style=\"color: #ff0000; font-size: 14pt;\"><strong>R\u00e9duction de 10% sur la gamme compl\u00e8te des aliments durant toute l&rsquo;ann\u00e9e 2022 pour f\u00eater le jubil\u00e9 des 50 ans d&rsquo;activit\u00e9<\/strong><\/span><\/p>\r\n\r\n\r\n\r\n<p class=\"has-text-align-left has-luminous-vivid-orange-color has-text-color\"><a href=\"https:\/\/www.vanhoff.be\/wp-content\/uploads\/2020\/11\/CALIBRA-Expert-Nutrition-advertentie-A5-FR.pdf\">CALIBRA &#8211; Expert Nutrition &#8211; advertentie A5 FR<\/a><\/p>\r\n<p class=\"has-text-align-left has-luminous-vivid-orange-color has-text-color\"><a href=\"https:\/\/www.vanhoff.be\/wp-content\/uploads\/2020\/11\/CALIBRA-Life-poster-A2-liggend-FR_compressed_v2.pdf\">CALIBRA &#8211; Life &#8211; poster A2 liggend FR_compressed_v2<\/a><\/p>\r\n\r\n\r\n\r\n<div class=\"wp-block-image\">\r\n<figure class=\"aligncenter size-large is-resized\"><img decoding=\"async\" loading=\"lazy\" class=\"wp-image-324\" src=\"http:\/\/www.vanhoff.be\/wp-content\/uploads\/2020\/09\/calibranew.png\" alt=\"\" width=\"509\" height=\"169\" \/><\/figure>\r\n<\/div>\r\n\r\n\r\n\r\n<div class=\"wp-block-image\">\r\n<figure class=\"aligncenter size-large is-resized\"><img decoding=\"async\" loading=\"lazy\" class=\"wp-image-325\" src=\"http:\/\/www.vanhoff.be\/wp-content\/uploads\/2020\/09\/calibra_sliders_physio_chat-1024x171.jpg\" alt=\"\" width=\"757\" height=\"126\" \/><\/figure>\r\n<\/div>\r\n","protected":false},"excerpt":{"rendered":"<p>Le Cabinet propose \u00e0 la vente les aliments de la marque Calibra. Ces produits venant directement du grossiste sont d&rsquo;un prix attractif et d&rsquo;une excellente qualit\u00e9. Il existe une gamme compl\u00e8te en produits physiologiques, di\u00e9t\u00e9tiques et friandises, pour chiens comme pour chats. R\u00e9duction de 10% sur la gamme compl\u00e8te des aliments durant toute l&rsquo;ann\u00e9e 2022 [&hellip;]<\/p>\n","protected":false},"author":1,"featured_media":0,"parent":0,"menu_order":0,"comment_status":"closed","ping_status":"closed","template":"","meta":{"advgb_blocks_editor_width":"","advgb_blocks_columns_visual_guide":"","footnotes":""},"_links":{"self":[{"href":"https:\/\/www.vanhoff.be\/index.php\/wp-json\/wp\/v2\/pages\/151"}],"collection":[{"href":"https:\/\/www.vanhoff.be\/index.php\/wp-json\/wp\/v2\/pages"}],"about":[{"href":"https:\/\/www.vanhoff.be\/index.php\/wp-json\/wp\/v2\/types\/page"}],"author":[{"embeddable":true,"href":"https:\/\/www.vanhoff.be\/index.php\/wp-json\/wp\/v2\/users\/1"}],"replies":[{"embeddable":true,"href":"https:\/\/www.vanhoff.be\/index.php\/wp-json\/wp\/v2\/comments?post=151"}],"version-history":[{"count":26,"href":"https:\/\/www.vanhoff.be\/index.php\/wp-json\/wp\/v2\/pages\/151\/revisions"}],"predecessor-version":[{"id":603,"href":"https:\/\/www.vanhoff.be\/index.php\/wp-json\/wp\/v2\/pages\/151\/revisions\/603"}],"wp:attachment":[{"href":"https:\/\/www.vanhoff.be\/index.php\/wp-json\/wp\/v2\/media?parent=151"}],"curies":[{"name":"wp","href":"https:\/\/api.w.org\/{rel}","templated":true}]}}