{"id":154,"date":"2020-09-03T13:06:00","date_gmt":"2020-09-03T11:06:00","guid":{"rendered":"http:\/\/www.vanhoff.be\/?page_id=154"},"modified":"2020-09-30T19:04:51","modified_gmt":"2020-09-30T17:04:51","slug":"complements-alimentaires","status":"publish","type":"page","link":"https:\/\/www.vanhoff.be\/index.php\/complements-alimentaires\/","title":{"rendered":"Les compl\u00e9ments alimentaires"},"content":{"rendered":"\n<figure class=\"wp-block-gallery columns-1 is-cropped wp-block-gallery-1\"><ul class=\"blocks-gallery-grid\"><li class=\"blocks-gallery-item\"><figure><img decoding=\"async\" loading=\"lazy\" width=\"870\" height=\"532\" src=\"http:\/\/www.vanhoff.be\/wp-content\/uploads\/2020\/09\/complements-alimentaires-de-Kannaway.jpg\" alt=\"\" data-id=\"228\" data-full-url=\"http:\/\/www.vanhoff.be\/wp-content\/uploads\/2020\/09\/complements-alimentaires-de-Kannaway.jpg\" data-link=\"http:\/\/www.vanhoff.be\/index.php\/complements-alimentaires\/complements-alimentaires-de-kannaway\/\" class=\"wp-image-228 is-layout-flex wp-block-gallery-is-layout-flex\" srcset=\"https:\/\/www.vanhoff.be\/wp-content\/uploads\/2020\/09\/complements-alimentaires-de-Kannaway.jpg 870w, https:\/\/www.vanhoff.be\/wp-content\/uploads\/2020\/09\/complements-alimentaires-de-Kannaway-300x183.jpg 300w, https:\/\/www.vanhoff.be\/wp-content\/uploads\/2020\/09\/complements-alimentaires-de-Kannaway-768x470.jpg 768w\" sizes=\"(max-width: 870px) 100vw, 870px\" \/><\/figure><\/li><\/ul><\/figure>\n\n\n\n<figure class=\"wp-block-pullquote\"><blockquote><p>Les compl\u00e9ments alimentaires pour animaux de compagnie et l&rsquo;huile de chanvre Pet Gold de la gamme <\/p><p><strong>TBF  de Kannaway<\/strong><\/p><\/blockquote><\/figure>\n\n\n\n<p>\u00b7&nbsp;&nbsp;&nbsp;&nbsp;&nbsp;<\/p>\n\n\n\n<p><em><strong>TBF by Kannaway \u00ab\u00a0Animal Joints Extreme\u00a0\u00bb<\/strong>&nbsp; <\/em><\/p>\n<p>Enrichi de cartilage de requin ce compl\u00e9ment alimentaire nourrit et r\u00e9g\u00e9n\u00e8re le syst\u00e8me ost\u00e9o-articulaire du chien et du chat.&nbsp; &nbsp; &nbsp; &nbsp; &nbsp; &nbsp; &nbsp; &nbsp; &nbsp; &nbsp; &nbsp; &nbsp; &nbsp; &nbsp; &nbsp; &nbsp; &nbsp;&nbsp;<\/p>\n<p><strong><em>TBF by Kannaway \u00ab\u00a0FloraComplex\u00a0\u00bb&nbsp; <\/em><\/strong><\/p>\n<p>Pr\u00e9paration vitamino-min\u00e9rale, id\u00e9ale pour la croissance, la gestation, la lactation et la r\u00e9cup\u00e9ration post-op\u00e9ratoire.\u00b7&nbsp;<\/p>\n<p><strong><em>TBF by Kannaway \u00ab\u00a0Lifelong Vitality+\u00a0\u00bb&nbsp; <\/em><\/strong><\/p>\n<p>Pr\u00e9paration enrichie du colostrum de ch\u00e8vre, ralentit les processus du vieillissement et augmente la vitalit\u00e9.<\/p>\n\n\n\n<p><em><strong><span lang=\"FR\">TBF by Kannaway \u00ab\u00a0Pet Gold\u00a0\u00bb\u00a0<\/span><\/strong><\/em><\/p>\n<p><span lang=\"FR\">Produit \u00e0 base de chanvre destin\u00e9 \u00e0 l&rsquo;animal de compagnie, il r<\/span><span lang=\"FR\">\u00e9duit l&rsquo;inflammation et \u00e9quilibre le comportement.<\/span><\/p>\n\n\n\n<figure class=\"wp-block-image size-large is-resized\"><img decoding=\"async\" loading=\"lazy\" src=\"http:\/\/www.vanhoff.be\/wp-content\/uploads\/2020\/09\/Pet-Gold-Kannaway.png\" alt=\"\" class=\"wp-image-440\" width=\"584\" height=\"411\" srcset=\"https:\/\/www.vanhoff.be\/wp-content\/uploads\/2020\/09\/Pet-Gold-Kannaway.png 781w, https:\/\/www.vanhoff.be\/wp-content\/uploads\/2020\/09\/Pet-Gold-Kannaway-300x211.png 300w, https:\/\/www.vanhoff.be\/wp-content\/uploads\/2020\/09\/Pet-Gold-Kannaway-768x541.png 768w\" sizes=\"(max-width: 584px) 100vw, 584px\" \/><\/figure>\n","protected":false},"excerpt":{"rendered":"<p>Les compl\u00e9ments alimentaires pour animaux de compagnie et l&rsquo;huile de chanvre Pet Gold de la gamme TBF de Kannaway \u00b7&nbsp;&nbsp;&nbsp;&nbsp;&nbsp; TBF by Kannaway \u00ab\u00a0Animal Joints Extreme\u00a0\u00bb&nbsp; Enrichi de cartilage de requin ce compl\u00e9ment alimentaire nourrit et r\u00e9g\u00e9n\u00e8re le syst\u00e8me ost\u00e9o-articulaire du chien et du chat.&nbsp; &nbsp; &nbsp; &nbsp; &nbsp; &nbsp; &nbsp; &nbsp; &nbsp; &nbsp; &nbsp; [&hellip;]<\/p>\n","protected":false},"author":1,"featured_media":0,"parent":0,"menu_order":0,"comment_status":"closed","ping_status":"closed","template":"","meta":{"advgb_blocks_editor_width":"","advgb_blocks_columns_visual_guide":"","footnotes":""},"_links":{"self":[{"href":"https:\/\/www.vanhoff.be\/index.php\/wp-json\/wp\/v2\/pages\/154"}],"collection":[{"href":"https:\/\/www.vanhoff.be\/index.php\/wp-json\/wp\/v2\/pages"}],"about":[{"href":"https:\/\/www.vanhoff.be\/index.php\/wp-json\/wp\/v2\/types\/page"}],"author":[{"embeddable":true,"href":"https:\/\/www.vanhoff.be\/index.php\/wp-json\/wp\/v2\/users\/1"}],"replies":[{"embeddable":true,"href":"https:\/\/www.vanhoff.be\/index.php\/wp-json\/wp\/v2\/comments?post=154"}],"version-history":[{"count":22,"href":"https:\/\/www.vanhoff.be\/index.php\/wp-json\/wp\/v2\/pages\/154\/revisions"}],"predecessor-version":[{"id":443,"href":"https:\/\/www.vanhoff.be\/index.php\/wp-json\/wp\/v2\/pages\/154\/revisions\/443"}],"wp:attachment":[{"href":"https:\/\/www.vanhoff.be\/index.php\/wp-json\/wp\/v2\/media?parent=154"}],"curies":[{"name":"wp","href":"https:\/\/api.w.org\/{rel}","templated":true}]}}