{"id":157,"date":"2020-09-03T13:06:15","date_gmt":"2020-09-03T11:06:15","guid":{"rendered":"http:\/\/www.vanhoff.be\/?page_id=157"},"modified":"2020-09-11T10:59:44","modified_gmt":"2020-09-11T08:59:44","slug":"medicaments","status":"publish","type":"page","link":"https:\/\/www.vanhoff.be\/index.php\/medicaments\/","title":{"rendered":"Les m\u00e9dicaments"},"content":{"rendered":"\n<p><strong>Le cabinet v\u00e9t\u00e9rinaire dispose d\u2019un d\u00e9p\u00f4t pharmaceutique pour la d\u00e9livrance des m\u00e9dicaments destin\u00e9s exclusivement \u00e0 sa client\u00e8le dans le cadre du suivi th\u00e9rapeutique.<\/strong><\/p>\n","protected":false},"excerpt":{"rendered":"<p>Le cabinet v\u00e9t\u00e9rinaire dispose d\u2019un d\u00e9p\u00f4t pharmaceutique pour la d\u00e9livrance des m\u00e9dicaments destin\u00e9s exclusivement \u00e0 sa client\u00e8le dans le cadre du suivi th\u00e9rapeutique.<\/p>\n","protected":false},"author":1,"featured_media":0,"parent":0,"menu_order":0,"comment_status":"closed","ping_status":"closed","template":"","meta":{"advgb_blocks_editor_width":"","advgb_blocks_columns_visual_guide":"","footnotes":""},"_links":{"self":[{"href":"https:\/\/www.vanhoff.be\/index.php\/wp-json\/wp\/v2\/pages\/157"}],"collection":[{"href":"https:\/\/www.vanhoff.be\/index.php\/wp-json\/wp\/v2\/pages"}],"about":[{"href":"https:\/\/www.vanhoff.be\/index.php\/wp-json\/wp\/v2\/types\/page"}],"author":[{"embeddable":true,"href":"https:\/\/www.vanhoff.be\/index.php\/wp-json\/wp\/v2\/users\/1"}],"replies":[{"embeddable":true,"href":"https:\/\/www.vanhoff.be\/index.php\/wp-json\/wp\/v2\/comments?post=157"}],"version-history":[{"count":7,"href":"https:\/\/www.vanhoff.be\/index.php\/wp-json\/wp\/v2\/pages\/157\/revisions"}],"predecessor-version":[{"id":253,"href":"https:\/\/www.vanhoff.be\/index.php\/wp-json\/wp\/v2\/pages\/157\/revisions\/253"}],"wp:attachment":[{"href":"https:\/\/www.vanhoff.be\/index.php\/wp-json\/wp\/v2\/media?parent=157"}],"curies":[{"name":"wp","href":"https:\/\/api.w.org\/{rel}","templated":true}]}}