{"id":17,"date":"2020-08-29T21:49:14","date_gmt":"2020-08-29T19:49:14","guid":{"rendered":"http:\/\/www.vanhoff.be\/?page_id=17"},"modified":"2023-10-24T17:54:07","modified_gmt":"2023-10-24T15:54:07","slug":"cabinet","status":"publish","type":"page","link":"https:\/\/www.vanhoff.be\/","title":{"rendered":"L&rsquo;Activit\u00e9"},"content":{"rendered":"\r\n<table style=\"width: 100%; border-collapse: collapse;\" border=\"1px solid\">\r\n<tbody>\r\n<tr>\r\n<td style=\"width: 100%; text-align: center;\"><span style=\"color: #ff6600;\"><strong>ATTENTION : \u00e0 partir du mois de novembre 2023, le Docteur Daniel Vanhoff visitera essentiellement \u00e0 domicile. Une antenne chirurgicale sera n\u00e9anmoins disponible en cas de n\u00e9cessit\u00e9.<\/strong><\/span><\/td>\r\n<\/tr>\r\n<\/tbody>\r\n<\/table>\r\n\r\n\r\n\r\n<p><img decoding=\"async\" class=\"aligncenter\" src=\"https:\/\/static.fnac-static.com\/multimedia\/Images\/2F\/2F\/64\/E9\/15295535-3-1520-1\/tsp20230711211455\/Playmobil-Family-Fun-70346-Veterinaire-et-vehicule-tout-terrain.jpg\" alt=\"Playmobil Family Fun 70346 V\u00e9t\u00e9rinaire et v\u00e9hicule tout-terrain - Playmobil  | fnac Belgique\" \/><\/p>\r\n<p>Daniel a consacr\u00e9 la majeure partie de sa vie professionnelle \u00e0 l&rsquo;encadrement des \u00e9tudiants en Facult\u00e9 de M\u00e9decine V\u00e9t\u00e9rinaire et aux soins des animaux de compagnie en client\u00e8le. Cette ann\u00e9e 2022 cela fera 50 ans qu&rsquo;il est install\u00e9 \u00e0 Embourg, c&rsquo;est dire si pratiquer est pour lui une v\u00e9ritable passion.<\/p>\r\n<p><img decoding=\"async\" loading=\"lazy\" class=\"size-medium wp-image-601 aligncenter\" src=\"https:\/\/www.vanhoff.be\/wp-content\/uploads\/2021\/10\/banniereSmall-300x150.jpg\" alt=\"\" width=\"300\" height=\"150\" srcset=\"https:\/\/www.vanhoff.be\/wp-content\/uploads\/2021\/10\/banniereSmall-300x150.jpg 300w, https:\/\/www.vanhoff.be\/wp-content\/uploads\/2021\/10\/banniereSmall-1024x512.jpg 1024w, https:\/\/www.vanhoff.be\/wp-content\/uploads\/2021\/10\/banniereSmall-768x384.jpg 768w, https:\/\/www.vanhoff.be\/wp-content\/uploads\/2021\/10\/banniereSmall-1536x768.jpg 1536w, https:\/\/www.vanhoff.be\/wp-content\/uploads\/2021\/10\/banniereSmall.jpg 1600w\" sizes=\"(max-width: 300px) 100vw, 300px\" \/><\/p>\r\n\r\n\r\n\r\n\r\n\r\n<p><strong><span style=\"color: #ff6600;\">Il continuera \u00e0 soigner \u00e0 domicile les animaux avec amour et conviction faisant de son exp\u00e9rience et de sa disponibilit\u00e9 les ma\u00eetres mots de son activit\u00e9.<\/span><\/strong><\/p>\r\n\r\n\r\n\r\n<p class=\"has-text-color\" style=\"color: #ee7c36;\"><strong><br \/><span style=\"color: #000000;\">T\u00e9l. 0477\/57.40.38<\/span><br \/><span style=\"color: #000000;\">Email : veterinaire@vanhoff.be<\/span><br \/><\/strong><\/p>\r\n\r\n\r\n\r\n<div class=\"wp-block-group\">\r\n<div class=\"wp-block-group__inner-container is-layout-flow wp-block-group-is-layout-flow\">\r\n<div class=\"alignnormal\"><div id=\"metaslider-id-67\" style=\"width: 100%;\" class=\"ml-slider-3-18-2 metaslider metaslider-flex metaslider-67 ml-slider ms-theme-cubic has-dots-nav\">\n    <div id=\"metaslider_container_67\">\n        <div id=\"metaslider_67\" class=\"flexslider\">\n            <ul aria-live=\"polite\" class=\"slides\">\n                <li style=\"display: block; width: 100%;\" class=\"slide-79 ms-image\"><img width=\"3900\" height=\"2122\" src=\"https:\/\/www.vanhoff.be\/wp-content\/uploads\/2020\/08\/Cabinet-veterinaire-VANHOFF.jpg\" class=\"slider-67 slide-79\" alt=\"\" decoding=\"async\" rel=\"\" title=\"Cabinet v\u00e9t\u00e9rinaire VANHOFF\" style=\"margin-top: 1.9615384615385%\" loading=\"lazy\" srcset=\"https:\/\/www.vanhoff.be\/wp-content\/uploads\/2020\/08\/Cabinet-veterinaire-VANHOFF.jpg 3900w, https:\/\/www.vanhoff.be\/wp-content\/uploads\/2020\/08\/Cabinet-veterinaire-VANHOFF-300x163.jpg 300w, https:\/\/www.vanhoff.be\/wp-content\/uploads\/2020\/08\/Cabinet-veterinaire-VANHOFF-768x418.jpg 768w, https:\/\/www.vanhoff.be\/wp-content\/uploads\/2020\/08\/Cabinet-veterinaire-VANHOFF-1024x557.jpg 1024w\" sizes=\"(max-width: 3900px) 100vw, 3900px\" \/><div class=\"caption-wrap\"><div class=\"caption\">Cabinet v\u00e9t\u00e9rinaire VANHOFF<\/div><\/div><\/li>\n                <li style=\"display: none; width: 100%;\" class=\"slide-73 ms-image\"><img width=\"2560\" height=\"1920\" src=\"https:\/\/www.vanhoff.be\/wp-content\/uploads\/2020\/08\/IMG_20200824_180609-scaled.jpg\" class=\"slider-67 slide-73\" alt=\"\" decoding=\"async\" rel=\"\" title=\"\" style=\"margin: 0 auto; width: 77.777777777778%\" loading=\"lazy\" srcset=\"https:\/\/www.vanhoff.be\/wp-content\/uploads\/2020\/08\/IMG_20200824_180609-scaled.jpg 2560w, https:\/\/www.vanhoff.be\/wp-content\/uploads\/2020\/08\/IMG_20200824_180609-300x225.jpg 300w, https:\/\/www.vanhoff.be\/wp-content\/uploads\/2020\/08\/IMG_20200824_180609-1024x768.jpg 1024w, https:\/\/www.vanhoff.be\/wp-content\/uploads\/2020\/08\/IMG_20200824_180609-768x576.jpg 768w, https:\/\/www.vanhoff.be\/wp-content\/uploads\/2020\/08\/IMG_20200824_180609-1536x1152.jpg 1536w, https:\/\/www.vanhoff.be\/wp-content\/uploads\/2020\/08\/IMG_20200824_180609-2048x1536.jpg 2048w\" sizes=\"(max-width: 2560px) 100vw, 2560px\" \/><\/li>\n                <li style=\"display: none; width: 100%;\" class=\"slide-75 ms-image\"><img width=\"2560\" height=\"1920\" src=\"https:\/\/www.vanhoff.be\/wp-content\/uploads\/2020\/08\/IMG_20200824_180511-scaled.jpg\" class=\"slider-67 slide-75\" alt=\"\" decoding=\"async\" rel=\"\" title=\"\" style=\"margin: 0 auto; width: 77.777777777778%\" loading=\"lazy\" srcset=\"https:\/\/www.vanhoff.be\/wp-content\/uploads\/2020\/08\/IMG_20200824_180511-scaled.jpg 2560w, https:\/\/www.vanhoff.be\/wp-content\/uploads\/2020\/08\/IMG_20200824_180511-300x225.jpg 300w, https:\/\/www.vanhoff.be\/wp-content\/uploads\/2020\/08\/IMG_20200824_180511-1024x768.jpg 1024w, https:\/\/www.vanhoff.be\/wp-content\/uploads\/2020\/08\/IMG_20200824_180511-768x576.jpg 768w, https:\/\/www.vanhoff.be\/wp-content\/uploads\/2020\/08\/IMG_20200824_180511-1536x1152.jpg 1536w, https:\/\/www.vanhoff.be\/wp-content\/uploads\/2020\/08\/IMG_20200824_180511-2048x1536.jpg 2048w\" sizes=\"(max-width: 2560px) 100vw, 2560px\" \/><\/li>\n                <li style=\"display: none; width: 100%;\" class=\"slide-76 ms-image\"><img width=\"2560\" height=\"1920\" src=\"https:\/\/www.vanhoff.be\/wp-content\/uploads\/2020\/08\/IMG_20200824_180503-1-scaled.jpg\" class=\"slider-67 slide-76\" alt=\"\" decoding=\"async\" rel=\"\" title=\"\" style=\"margin: 0 auto; width: 77.777777777778%\" loading=\"lazy\" srcset=\"https:\/\/www.vanhoff.be\/wp-content\/uploads\/2020\/08\/IMG_20200824_180503-1-scaled.jpg 2560w, https:\/\/www.vanhoff.be\/wp-content\/uploads\/2020\/08\/IMG_20200824_180503-1-300x225.jpg 300w, https:\/\/www.vanhoff.be\/wp-content\/uploads\/2020\/08\/IMG_20200824_180503-1-1024x768.jpg 1024w, https:\/\/www.vanhoff.be\/wp-content\/uploads\/2020\/08\/IMG_20200824_180503-1-768x576.jpg 768w, https:\/\/www.vanhoff.be\/wp-content\/uploads\/2020\/08\/IMG_20200824_180503-1-1536x1152.jpg 1536w, https:\/\/www.vanhoff.be\/wp-content\/uploads\/2020\/08\/IMG_20200824_180503-1-2048x1536.jpg 2048w\" sizes=\"(max-width: 2560px) 100vw, 2560px\" \/><\/li>\n                <li style=\"display: none; width: 100%;\" class=\"slide-77 ms-image\"><img width=\"2560\" height=\"1920\" src=\"https:\/\/www.vanhoff.be\/wp-content\/uploads\/2020\/08\/IMG_20200824_180623-1-scaled.jpg\" class=\"slider-67 slide-77\" alt=\"\" decoding=\"async\" rel=\"\" title=\"Salle d&#039;attente\" style=\"margin: 0 auto; width: 77.777777777778%\" loading=\"lazy\" srcset=\"https:\/\/www.vanhoff.be\/wp-content\/uploads\/2020\/08\/IMG_20200824_180623-1-scaled.jpg 2560w, https:\/\/www.vanhoff.be\/wp-content\/uploads\/2020\/08\/IMG_20200824_180623-1-300x225.jpg 300w, https:\/\/www.vanhoff.be\/wp-content\/uploads\/2020\/08\/IMG_20200824_180623-1-1024x768.jpg 1024w, https:\/\/www.vanhoff.be\/wp-content\/uploads\/2020\/08\/IMG_20200824_180623-1-768x576.jpg 768w, https:\/\/www.vanhoff.be\/wp-content\/uploads\/2020\/08\/IMG_20200824_180623-1-1536x1152.jpg 1536w, https:\/\/www.vanhoff.be\/wp-content\/uploads\/2020\/08\/IMG_20200824_180623-1-2048x1536.jpg 2048w\" sizes=\"(max-width: 2560px) 100vw, 2560px\" \/><\/li>\n                <li style=\"display: none; width: 100%;\" class=\"slide-382 ms-image\"><img width=\"1080\" height=\"1080\" src=\"https:\/\/www.vanhoff.be\/wp-content\/uploads\/2020\/08\/118720436_230990714964956_6577446043363403603_n.jpg\" class=\"slider-67 slide-382\" alt=\"\" decoding=\"async\" rel=\"\" title=\"118720436_230990714964956_6577446043363403603_n\" style=\"margin: 0 auto; width: 58.333333333333%\" loading=\"lazy\" srcset=\"https:\/\/www.vanhoff.be\/wp-content\/uploads\/2020\/08\/118720436_230990714964956_6577446043363403603_n.jpg 1080w, https:\/\/www.vanhoff.be\/wp-content\/uploads\/2020\/08\/118720436_230990714964956_6577446043363403603_n-300x300.jpg 300w, https:\/\/www.vanhoff.be\/wp-content\/uploads\/2020\/08\/118720436_230990714964956_6577446043363403603_n-1024x1024.jpg 1024w, https:\/\/www.vanhoff.be\/wp-content\/uploads\/2020\/08\/118720436_230990714964956_6577446043363403603_n-150x150.jpg 150w, https:\/\/www.vanhoff.be\/wp-content\/uploads\/2020\/08\/118720436_230990714964956_6577446043363403603_n-768x768.jpg 768w\" sizes=\"(max-width: 1080px) 100vw, 1080px\" \/><\/li>\n                <li style=\"display: none; width: 100%;\" class=\"slide-401 ms-image\"><img width=\"2560\" height=\"1920\" src=\"https:\/\/www.vanhoff.be\/wp-content\/uploads\/2020\/09\/IMG_20200922_112514-scaled.jpg\" class=\"slider-67 slide-401\" alt=\"\" decoding=\"async\" rel=\"\" title=\"IMG_20200922_112514\" style=\"margin: 0 auto; width: 77.777777777778%\" loading=\"lazy\" srcset=\"https:\/\/www.vanhoff.be\/wp-content\/uploads\/2020\/09\/IMG_20200922_112514-scaled.jpg 2560w, https:\/\/www.vanhoff.be\/wp-content\/uploads\/2020\/09\/IMG_20200922_112514-300x225.jpg 300w, https:\/\/www.vanhoff.be\/wp-content\/uploads\/2020\/09\/IMG_20200922_112514-1024x768.jpg 1024w, https:\/\/www.vanhoff.be\/wp-content\/uploads\/2020\/09\/IMG_20200922_112514-768x576.jpg 768w, https:\/\/www.vanhoff.be\/wp-content\/uploads\/2020\/09\/IMG_20200922_112514-1536x1152.jpg 1536w, https:\/\/www.vanhoff.be\/wp-content\/uploads\/2020\/09\/IMG_20200922_112514-2048x1536.jpg 2048w\" sizes=\"(max-width: 2560px) 100vw, 2560px\" \/><\/li>\n            <\/ul>\n        <\/div>\n        \n    <\/div>\n<\/div><\/div>\r\n<\/div>\r\n<\/div>\r\n\r\n\r\n<div id=\"wpgmza_map\" data-settings='{\"id\":\"1\",\"map_title\":\"Cabinet Vanhoff\",\"map_width\":\"100\",\"map_height\":\"400\",\"map_start_lat\":\"50.591247\",\"map_start_lng\":\"5.620142\",\"map_start_location\":\"50.5912466254494,5.620141659076849\",\"map_start_zoom\":\"13\",\"default_marker\":\"0\",\"type\":\"1\",\"alignment\":\"4\",\"directions_enabled\":\"1\",\"styling_enabled\":\"0\",\"styling_json\":\"\",\"active\":\"0\",\"kml\":\"\",\"bicycle\":\"2\",\"traffic\":\"2\",\"dbox\":\"1\",\"dbox_width\":\"100\",\"listmarkers\":\"0\",\"listmarkers_advanced\":\"0\",\"filterbycat\":\"0\",\"ugm_enabled\":\"0\",\"ugm_category_enabled\":\"0\",\"fusion\":\"\",\"map_width_type\":\"\\\\%\",\"map_height_type\":\"px\",\"mass_marker_support\":\"1\",\"ugm_access\":\"0\",\"order_markers_by\":\"1\",\"order_markers_choice\":\"2\",\"show_user_location\":\"0\",\"default_to\":\"\",\"other_settings\":{\"store_locator_enabled\":2,\"store_locator_distance\":2,\"store_locator_default_radius\":10,\"store_locator_not_found_message\":\"No results found in this location. Please try again.\",\"store_locator_bounce\":1,\"store_locator_query_string\":\"Code Postal \\\/ Adresse\",\"store_locator_default_address\":\"\",\"wpgmza_store_locator_restrict\":\"\",\"wpgmza_store_locator_radius_style\":\"modern\",\"map_max_zoom\":\"1\",\"transport_layer\":2,\"wpgmza_show_points_of_interest\":0,\"wpgmza_auto_night\":0}}' data-shortcode-attributes='{\"id\":\"1\"}' style=\"display:block; overflow:auto; width:100%; height:400px; \"><\/div>\n","protected":false},"excerpt":{"rendered":"<p>ATTENTION : \u00e0 partir du mois de novembre 2023, le Docteur Daniel Vanhoff visitera essentiellement \u00e0 domicile. Une antenne chirurgicale sera n\u00e9anmoins disponible en cas de n\u00e9cessit\u00e9. Daniel a consacr\u00e9 la majeure partie de sa vie professionnelle \u00e0 l&rsquo;encadrement des \u00e9tudiants en Facult\u00e9 de M\u00e9decine V\u00e9t\u00e9rinaire et aux soins des animaux de compagnie en client\u00e8le. [&hellip;]<\/p>\n","protected":false},"author":1,"featured_media":0,"parent":0,"menu_order":0,"comment_status":"closed","ping_status":"closed","template":"","meta":{"advgb_blocks_editor_width":"","advgb_blocks_columns_visual_guide":"","footnotes":""},"_links":{"self":[{"href":"https:\/\/www.vanhoff.be\/index.php\/wp-json\/wp\/v2\/pages\/17"}],"collection":[{"href":"https:\/\/www.vanhoff.be\/index.php\/wp-json\/wp\/v2\/pages"}],"about":[{"href":"https:\/\/www.vanhoff.be\/index.php\/wp-json\/wp\/v2\/types\/page"}],"author":[{"embeddable":true,"href":"https:\/\/www.vanhoff.be\/index.php\/wp-json\/wp\/v2\/users\/1"}],"replies":[{"embeddable":true,"href":"https:\/\/www.vanhoff.be\/index.php\/wp-json\/wp\/v2\/comments?post=17"}],"version-history":[{"count":35,"href":"https:\/\/www.vanhoff.be\/index.php\/wp-json\/wp\/v2\/pages\/17\/revisions"}],"predecessor-version":[{"id":623,"href":"https:\/\/www.vanhoff.be\/index.php\/wp-json\/wp\/v2\/pages\/17\/revisions\/623"}],"wp:attachment":[{"href":"https:\/\/www.vanhoff.be\/index.php\/wp-json\/wp\/v2\/media?parent=17"}],"curies":[{"name":"wp","href":"https:\/\/api.w.org\/{rel}","templated":true}]}}