{"id":20,"date":"2020-08-29T21:49:34","date_gmt":"2020-08-29T19:49:34","guid":{"rendered":"http:\/\/www.vanhoff.be\/?page_id=20"},"modified":"2020-10-01T11:26:43","modified_gmt":"2020-10-01T09:26:43","slug":"experience","status":"publish","type":"page","link":"https:\/\/www.vanhoff.be\/index.php\/experience\/","title":{"rendered":"Les Activit\u00e9s"},"content":{"rendered":"\n<p><\/p>\n\n\n\n<h3 class=\"wp-block-heading\">La chirurgie<strong> <\/strong><\/h3>\n\n\n\n<p>Les interventions chirurgicales sont multiples et r\u00e9alis\u00e9es sur rendez-vous. <\/p>\n\n\n\n<p>Pour tout renseignement ou devis, n&rsquo;h\u00e9sitez pas \u00e0 t\u00e9l\u00e9phoner ou adresser un mail. <\/p>\n\n\n\n<p><\/p>\n\n\n\n<h3 class=\"has-text-align-left wp-block-heading\">La m\u00e9decine <\/h3>\n\n\n\n<p>Les consultations de m\u00e9decine g\u00e9n\u00e9rale ont lieu tous les jours, mais vu le Covid, uniquement sur rendez-vous. Les urgences et les visites \u00e0 domicile sont assur\u00e9es.<\/p>\n\n\n\n<p><\/p>\n\n\n\n<h3 class=\"has-text-align-left wp-block-heading\">La d\u00e9livrance des m\u00e9dicaments<\/h3>\n\n\n\n<p>Le cabinet d\u00e9livre des m\u00e9dicaments v\u00e9t\u00e9rinaires destin\u00e9s exclusivement \u00e0 sa client\u00e8le dans le cadre d&rsquo;un suivi th\u00e9rapeutique.<\/p>\n\n\n\n<p><\/p>\n\n\n\n<h3 class=\"wp-block-heading\">La vente <\/h3>\n\n\n\n<p>Un stock d&rsquo;aliments de la marque<strong> Calibra<\/strong>,  des compl\u00e9ments alimentaires <strong>TBF-Kannaway,<\/strong> et du petit mat\u00e9riel pour les soins des animaux de compagnie sont disponibles au Cabinet. <\/p>\n","protected":false},"excerpt":{"rendered":"<p>La chirurgie Les interventions chirurgicales sont multiples et r\u00e9alis\u00e9es sur rendez-vous. Pour tout renseignement ou devis, n&rsquo;h\u00e9sitez pas \u00e0 t\u00e9l\u00e9phoner ou adresser un mail. La m\u00e9decine Les consultations de m\u00e9decine g\u00e9n\u00e9rale ont lieu tous les jours, mais vu le Covid, uniquement sur rendez-vous. Les urgences et les visites \u00e0 domicile sont assur\u00e9es. La d\u00e9livrance des [&hellip;]<\/p>\n","protected":false},"author":1,"featured_media":0,"parent":0,"menu_order":0,"comment_status":"closed","ping_status":"closed","template":"page-template\/custom-home-page.php","meta":{"advgb_blocks_editor_width":"","advgb_blocks_columns_visual_guide":"","footnotes":""},"_links":{"self":[{"href":"https:\/\/www.vanhoff.be\/index.php\/wp-json\/wp\/v2\/pages\/20"}],"collection":[{"href":"https:\/\/www.vanhoff.be\/index.php\/wp-json\/wp\/v2\/pages"}],"about":[{"href":"https:\/\/www.vanhoff.be\/index.php\/wp-json\/wp\/v2\/types\/page"}],"author":[{"embeddable":true,"href":"https:\/\/www.vanhoff.be\/index.php\/wp-json\/wp\/v2\/users\/1"}],"replies":[{"embeddable":true,"href":"https:\/\/www.vanhoff.be\/index.php\/wp-json\/wp\/v2\/comments?post=20"}],"version-history":[{"count":20,"href":"https:\/\/www.vanhoff.be\/index.php\/wp-json\/wp\/v2\/pages\/20\/revisions"}],"predecessor-version":[{"id":444,"href":"https:\/\/www.vanhoff.be\/index.php\/wp-json\/wp\/v2\/pages\/20\/revisions\/444"}],"wp:attachment":[{"href":"https:\/\/www.vanhoff.be\/index.php\/wp-json\/wp\/v2\/media?parent=20"}],"curies":[{"name":"wp","href":"https:\/\/api.w.org\/{rel}","templated":true}]}}